{"id":9338,"date":"2024-11-25T23:38:21","date_gmt":"2024-11-26T06:38:21","guid":{"rendered":"https:\/\/utahorthodonticcare.com\/blog\/"},"modified":"2025-05-06T17:12:33","modified_gmt":"2025-05-06T17:12:33","slug":"blog","status":"publish","type":"page","link":"https:\/\/utahorthodonticcare.com\/es\/blog\/","title":{"rendered":"Blog"},"content":{"rendered":"<div class=\"fusion-fullwidth fullwidth-box fusion-builder-row-1 fusion-flex-container has-pattern-background has-mask-background nonhundred-percent-fullwidth non-hundred-percent-height-scrolling\" style=\"--awb-border-radius-top-left:0px;--awb-border-radius-top-right:0px;--awb-border-radius-bottom-right:0px;--awb-border-radius-bottom-left:0px;--awb-flex-wrap:wrap;\" ><div class=\"fusion-builder-row fusion-row fusion-flex-align-items-flex-start fusion-flex-content-wrap\" style=\"max-width:1580.8px;margin-left: calc(-4% \/ 2 );margin-right: calc(-4% \/ 2 );\"><div class=\"fusion-layout-column fusion_builder_column fusion-builder-column-0 fusion_builder_column_1_1 1_1 fusion-flex-column\" style=\"--awb-padding-bottom:5px;--awb-bg-size:cover;--awb-width-large:100%;--awb-margin-top-large:0px;--awb-spacing-right-large:1.92%;--awb-margin-bottom-large:20px;--awb-spacing-left-large:1.92%;--awb-width-medium:100%;--awb-order-medium:0;--awb-spacing-right-medium:1.92%;--awb-spacing-left-medium:1.92%;--awb-width-small:100%;--awb-order-small:0;--awb-spacing-right-small:1.92%;--awb-spacing-left-small:1.92%;\" data-scroll-devices=\"small-visibility,medium-visibility,large-visibility\"><div class=\"fusion-column-wrapper fusion-column-has-shadow fusion-flex-justify-content-flex-start fusion-content-layout-column\"><div class=\"fusion-title title fusion-title-1 fusion-sep-none fusion-title-text fusion-title-size-one\" style=\"--awb-margin-top:0px;--awb-margin-top-small:0px;\"><h1 class=\"fusion-title-heading title-heading-left fusion-responsive-typography-calculated\" style=\"margin:0;--fontSize:70;line-height:1.1;\">\u00bfQu\u00e9 hay de nuevo?<\/h1><\/div><\/div><\/div><div class=\"fusion-layout-column fusion_builder_column fusion-builder-column-1 fusion_builder_column_1_1 1_1 fusion-flex-column\" style=\"--awb-bg-size:cover;--awb-width-large:100%;--awb-margin-top-large:0px;--awb-spacing-right-large:1.92%;--awb-margin-bottom-large:20px;--awb-spacing-left-large:1.92%;--awb-width-medium:100%;--awb-order-medium:0;--awb-spacing-right-medium:1.92%;--awb-spacing-left-medium:1.92%;--awb-width-small:100%;--awb-order-small:0;--awb-spacing-right-small:1.92%;--awb-spacing-left-small:1.92%;\"><div class=\"fusion-column-wrapper fusion-column-has-shadow fusion-flex-justify-content-flex-start fusion-content-layout-column\"><div class=\"fusion-post-cards fusion-post-cards-1 fusion-grid-archive fusion-grid-columns-4\" style=\"--awb-dots-align:center;--awb-active-filter-border-size:3px;--awb-filters-height:36px;\"><ul class=\"fusion-grid fusion-grid-4 fusion-flex-align-items-stretch fusion-grid-posts-cards\"><li class=\"fusion-layout-column fusion_builder_column fusion-builder-column-2 fusion-flex-column post-card fusion-grid-column fusion-post-cards-grid-column\" style=\"--awb-bg-color:#eef4e5;--awb-bg-color-hover:#eef4e5;--awb-bg-blend:overlay;--awb-bg-size:cover;--awb-border-color:#f9f9f9;--awb-border-top:1px;--awb-border-right:1px;--awb-border-bottom:1px;--awb-border-left:1px;--awb-border-style:solid;\" data-scroll-devices=\"small-visibility,medium-visibility,large-visibility\"><div class=\"fusion-column-wrapper fusion-column-has-shadow fusion-flex-justify-content-space-between fusion-content-layout-column\"><div class=\"fusion-builder-row fusion-builder-row-inner fusion-row fusion-flex-align-items-flex-start fusion-flex-content-wrap\" style=\"width:104% !important;max-width:104% !important;margin-left: calc(-4% \/ 2 );margin-right: calc(-4% \/ 2 );\"><div class=\"fusion-layout-column fusion_builder_column_inner fusion-builder-nested-column-0 fusion_builder_column_inner_1_1 1_1 fusion-flex-column\" style=\"--awb-padding-top:0px;--awb-padding-right:0px;--awb-padding-bottom:0px;--awb-padding-left:0px;--awb-bg-size:cover;--awb-width-large:100%;--awb-margin-top-large:0px;--awb-spacing-right-large:1.92%;--awb-margin-bottom-large:10px;--awb-spacing-left-large:1.92%;--awb-width-medium:100%;--awb-order-medium:0;--awb-spacing-right-medium:1.92%;--awb-spacing-left-medium:1.92%;--awb-width-small:100%;--awb-order-small:0;--awb-spacing-right-small:1.92%;--awb-spacing-left-small:1.92%;\" data-scroll-devices=\"small-visibility,medium-visibility,large-visibility\"><div class=\"fusion-column-wrapper fusion-column-has-shadow fusion-flex-justify-content-space-between fusion-content-layout-column\"><div class=\"fusion-image-element \" style=\"text-align:center;--awb-aspect-ratio:3 \/ 2;--awb-caption-title-font-family:var(--h2_typography-font-family);--awb-caption-title-font-weight:var(--h2_typography-font-weight);--awb-caption-title-font-style:var(--h2_typography-font-style);--awb-caption-title-size:var(--h2_typography-font-size);--awb-caption-title-transform:var(--h2_typography-text-transform);--awb-caption-title-line-height:var(--h2_typography-line-height);--awb-caption-title-letter-spacing:var(--h2_typography-letter-spacing);\"><span class=\" fusion-imageframe imageframe-none imageframe-1 hover-type-zoomin has-aspect-ratio\"><a class=\"fusion-no-lightbox\" href=\"https:\/\/utahorthodonticcare.com\/es\/la-ventaja-de-invisalign\/\" target=\"_self\" aria-label=\"unnamed\"><img decoding=\"async\" width=\"507\" height=\"338\" src=\"https:\/\/utahorthodonticcare.com\/wp-content\/uploads\/2022\/06\/unnamed.jpg\" class=\"img-responsive wp-image-9010 img-with-aspect-ratio\" data-parent-fit=\"cover\" data-parent-container=\".fusion-image-element\" alt srcset=\"https:\/\/utahorthodonticcare.com\/wp-content\/uploads\/2022\/06\/unnamed-200x133.jpg 200w, https:\/\/utahorthodonticcare.com\/wp-content\/uploads\/2022\/06\/unnamed-400x267.jpg 400w, https:\/\/utahorthodonticcare.com\/wp-content\/uploads\/2022\/06\/unnamed.jpg 507w\" sizes=\"(max-width: 640px) 100vw, 507px\" \/><\/a><\/span><\/div><div class=\"fusion-title title fusion-title-2 fusion-sep-none fusion-title-text fusion-title-size-four\" style=\"--awb-text-color:var(--awb-color8);--awb-margin-top:20px;--awb-margin-right:20px;--awb-margin-bottom:15px;--awb-margin-left:20px;--awb-margin-top-small:0px;--awb-font-size:20px;\"><h4 class=\"fusion-title-heading title-heading-left fusion-responsive-typography-calculated\" style=\"margin:0;font-size:1em;--fontSize:20;--minFontSize:20;line-height:;\"><a href=\"https:\/\/utahorthodonticcare.com\/es\/la-ventaja-de-invisalign\/\" class=\"awb-custom-text-color awb-custom-text-hover-color\" target=\"_self\">La ventaja de Invisalign<\/a><\/h4><\/div><div class=\"fusion-content-tb fusion-content-tb-1\" style=\"--awb-text-color:var(--awb-color8);--awb-margin-bottom:0px;--awb-margin-left:20px;--awb-margin-right:20px;--awb-text-transform:none;\"><p>Cuando se trata de enderezar los dientes, las opciones no [...]<\/p><\/div><\/div><\/div><\/div><div ><a class=\"fusion-button button-flat fusion-button-default-size button-custom fusion-button-default button-1 fusion-button-default-span fusion-button-default-type\" style=\"--button_accent_color:var(--awb-color8);--button_accent_hover_color:var(--awb-custom_color_1);--button_border_hover_color:var(--awb-color1);--button_gradient_top_color:rgba(255,255,255,0);--button_gradient_bottom_color:rgba(255,255,255,0);--button_gradient_top_color_hover:rgba(255,255,255,0);--button_gradient_bottom_color_hover:rgba(255,255,255,0);--button_font_size:15px;--button_padding-right:20px;--button_padding-left:20px;\" target=\"_self\" data-hover=\"icon_slide\" role=\"button\" href=\"https:\/\/utahorthodonticcare.com\/es\/la-ventaja-de-invisalign\/\"><span class=\"fusion-button-text awb-button__text awb-button__text--default\">Read More<\/span><i class=\"fa-angle-right fas awb-button__icon awb-button__icon--default button-icon-right\" aria-hidden=\"true\"><\/i><\/a><\/div><\/div><\/li>\n<li class=\"fusion-layout-column fusion_builder_column fusion-builder-column-3 fusion-flex-column post-card fusion-grid-column fusion-post-cards-grid-column\" style=\"--awb-bg-color:#eef4e5;--awb-bg-color-hover:#eef4e5;--awb-bg-blend:overlay;--awb-bg-size:cover;--awb-border-color:#f9f9f9;--awb-border-top:1px;--awb-border-right:1px;--awb-border-bottom:1px;--awb-border-left:1px;--awb-border-style:solid;\" data-scroll-devices=\"small-visibility,medium-visibility,large-visibility\"><div class=\"fusion-column-wrapper fusion-column-has-shadow fusion-flex-justify-content-space-between fusion-content-layout-column\"><div class=\"fusion-builder-row fusion-builder-row-inner fusion-row fusion-flex-align-items-flex-start fusion-flex-content-wrap\" style=\"width:104% !important;max-width:104% !important;margin-left: calc(-4% \/ 2 );margin-right: calc(-4% \/ 2 );\"><div class=\"fusion-layout-column fusion_builder_column_inner fusion-builder-nested-column-1 fusion_builder_column_inner_1_1 1_1 fusion-flex-column\" style=\"--awb-padding-top:0px;--awb-padding-right:0px;--awb-padding-bottom:0px;--awb-padding-left:0px;--awb-bg-size:cover;--awb-width-large:100%;--awb-margin-top-large:0px;--awb-spacing-right-large:1.92%;--awb-margin-bottom-large:10px;--awb-spacing-left-large:1.92%;--awb-width-medium:100%;--awb-order-medium:0;--awb-spacing-right-medium:1.92%;--awb-spacing-left-medium:1.92%;--awb-width-small:100%;--awb-order-small:0;--awb-spacing-right-small:1.92%;--awb-spacing-left-small:1.92%;\" data-scroll-devices=\"small-visibility,medium-visibility,large-visibility\"><div class=\"fusion-column-wrapper fusion-column-has-shadow fusion-flex-justify-content-space-between fusion-content-layout-column\"><div class=\"fusion-image-element \" style=\"text-align:center;--awb-aspect-ratio:3 \/ 2;--awb-caption-title-font-family:var(--h2_typography-font-family);--awb-caption-title-font-weight:var(--h2_typography-font-weight);--awb-caption-title-font-style:var(--h2_typography-font-style);--awb-caption-title-size:var(--h2_typography-font-size);--awb-caption-title-transform:var(--h2_typography-text-transform);--awb-caption-title-line-height:var(--h2_typography-line-height);--awb-caption-title-letter-spacing:var(--h2_typography-letter-spacing);\"><span class=\" fusion-imageframe imageframe-none imageframe-2 hover-type-zoomin has-aspect-ratio\"><a class=\"fusion-no-lightbox\" href=\"https:\/\/utahorthodonticcare.com\/es\/la-noche-de-la-natacion-de-la-uoc-esta-al-caer\/\" target=\"_self\"><img decoding=\"async\" width=\"730\" height=\"487\" src=\"https:\/\/utahorthodonticcare.com\/wp-content\/uploads\/2019\/06\/pool-party.jpg\" class=\"img-responsive wp-image-9039 img-with-aspect-ratio\" data-parent-fit=\"cover\" data-parent-container=\".fusion-image-element\" alt srcset=\"https:\/\/utahorthodonticcare.com\/wp-content\/uploads\/2019\/06\/pool-party-200x133.jpg 200w, https:\/\/utahorthodonticcare.com\/wp-content\/uploads\/2019\/06\/pool-party-400x267.jpg 400w, https:\/\/utahorthodonticcare.com\/wp-content\/uploads\/2019\/06\/pool-party-600x400.jpg 600w, https:\/\/utahorthodonticcare.com\/wp-content\/uploads\/2019\/06\/pool-party.jpg 730w\" sizes=\"(max-width: 640px) 100vw, 730px\" \/><\/a><\/span><\/div><div class=\"fusion-title title fusion-title-3 fusion-sep-none fusion-title-text fusion-title-size-four\" style=\"--awb-text-color:var(--awb-color8);--awb-margin-top:20px;--awb-margin-right:20px;--awb-margin-bottom:15px;--awb-margin-left:20px;--awb-margin-top-small:0px;--awb-font-size:20px;\"><h4 class=\"fusion-title-heading title-heading-left fusion-responsive-typography-calculated\" style=\"margin:0;font-size:1em;--fontSize:20;--minFontSize:20;line-height:;\"><a href=\"https:\/\/utahorthodonticcare.com\/es\/la-noche-de-la-natacion-de-la-uoc-esta-al-caer\/\" class=\"awb-custom-text-color awb-custom-text-hover-color\" target=\"_self\">La noche de la nataci\u00f3n de la UOC est\u00e1 al caer<\/a><\/h4><\/div><div class=\"fusion-content-tb fusion-content-tb-2\" style=\"--awb-text-color:var(--awb-color8);--awb-margin-bottom:0px;--awb-margin-left:20px;--awb-margin-right:20px;--awb-text-transform:none;\"><p>Estamos orgullosos de ser su proveedor de ortodoncia Salt Lake [...]<\/p><\/div><\/div><\/div><\/div><div ><a class=\"fusion-button button-flat fusion-button-default-size button-custom fusion-button-default button-2 fusion-button-default-span fusion-button-default-type\" style=\"--button_accent_color:var(--awb-color8);--button_accent_hover_color:var(--awb-custom_color_1);--button_border_hover_color:var(--awb-color1);--button_gradient_top_color:rgba(255,255,255,0);--button_gradient_bottom_color:rgba(255,255,255,0);--button_gradient_top_color_hover:rgba(255,255,255,0);--button_gradient_bottom_color_hover:rgba(255,255,255,0);--button_font_size:15px;--button_padding-right:20px;--button_padding-left:20px;\" target=\"_self\" data-hover=\"icon_slide\" role=\"button\" href=\"https:\/\/utahorthodonticcare.com\/es\/la-noche-de-la-natacion-de-la-uoc-esta-al-caer\/\"><span class=\"fusion-button-text awb-button__text awb-button__text--default\">Read More<\/span><i class=\"fa-angle-right fas awb-button__icon awb-button__icon--default button-icon-right\" aria-hidden=\"true\"><\/i><\/a><\/div><\/div><\/li>\n<li class=\"fusion-layout-column fusion_builder_column fusion-builder-column-4 fusion-flex-column post-card fusion-grid-column fusion-post-cards-grid-column\" style=\"--awb-bg-color:#eef4e5;--awb-bg-color-hover:#eef4e5;--awb-bg-blend:overlay;--awb-bg-size:cover;--awb-border-color:#f9f9f9;--awb-border-top:1px;--awb-border-right:1px;--awb-border-bottom:1px;--awb-border-left:1px;--awb-border-style:solid;\" data-scroll-devices=\"small-visibility,medium-visibility,large-visibility\"><div class=\"fusion-column-wrapper fusion-column-has-shadow fusion-flex-justify-content-space-between fusion-content-layout-column\"><div class=\"fusion-builder-row fusion-builder-row-inner fusion-row fusion-flex-align-items-flex-start fusion-flex-content-wrap\" style=\"width:104% !important;max-width:104% !important;margin-left: calc(-4% \/ 2 );margin-right: calc(-4% \/ 2 );\"><div class=\"fusion-layout-column fusion_builder_column_inner fusion-builder-nested-column-2 fusion_builder_column_inner_1_1 1_1 fusion-flex-column\" style=\"--awb-padding-top:0px;--awb-padding-right:0px;--awb-padding-bottom:0px;--awb-padding-left:0px;--awb-bg-size:cover;--awb-width-large:100%;--awb-margin-top-large:0px;--awb-spacing-right-large:1.92%;--awb-margin-bottom-large:10px;--awb-spacing-left-large:1.92%;--awb-width-medium:100%;--awb-order-medium:0;--awb-spacing-right-medium:1.92%;--awb-spacing-left-medium:1.92%;--awb-width-small:100%;--awb-order-small:0;--awb-spacing-right-small:1.92%;--awb-spacing-left-small:1.92%;\" data-scroll-devices=\"small-visibility,medium-visibility,large-visibility\"><div class=\"fusion-column-wrapper fusion-column-has-shadow fusion-flex-justify-content-space-between fusion-content-layout-column\"><div class=\"fusion-image-element \" style=\"text-align:center;--awb-aspect-ratio:3 \/ 2;--awb-caption-title-font-family:var(--h2_typography-font-family);--awb-caption-title-font-weight:var(--h2_typography-font-weight);--awb-caption-title-font-style:var(--h2_typography-font-style);--awb-caption-title-size:var(--h2_typography-font-size);--awb-caption-title-transform:var(--h2_typography-text-transform);--awb-caption-title-line-height:var(--h2_typography-line-height);--awb-caption-title-letter-spacing:var(--h2_typography-letter-spacing);\"><span class=\" fusion-imageframe imageframe-none imageframe-3 hover-type-zoomin has-aspect-ratio\"><a class=\"fusion-no-lightbox\" href=\"https:\/\/utahorthodonticcare.com\/es\/ortodoncia-asequible\/\" target=\"_self\" aria-label=\"unnamed-1\"><img decoding=\"async\" width=\"512\" height=\"342\" src=\"https:\/\/utahorthodonticcare.com\/wp-content\/uploads\/2024\/10\/unnamed-1.jpg\" class=\"img-responsive wp-image-8904 img-with-aspect-ratio\" data-parent-fit=\"cover\" data-parent-container=\".fusion-image-element\" alt srcset=\"https:\/\/utahorthodonticcare.com\/wp-content\/uploads\/2024\/10\/unnamed-1-200x134.jpg 200w, https:\/\/utahorthodonticcare.com\/wp-content\/uploads\/2024\/10\/unnamed-1-400x267.jpg 400w, https:\/\/utahorthodonticcare.com\/wp-content\/uploads\/2024\/10\/unnamed-1.jpg 512w\" sizes=\"(max-width: 640px) 100vw, 512px\" \/><\/a><\/span><\/div><div class=\"fusion-title title fusion-title-4 fusion-sep-none fusion-title-text fusion-title-size-four\" style=\"--awb-text-color:var(--awb-color8);--awb-margin-top:20px;--awb-margin-right:20px;--awb-margin-bottom:15px;--awb-margin-left:20px;--awb-margin-top-small:0px;--awb-font-size:20px;\"><h4 class=\"fusion-title-heading title-heading-left fusion-responsive-typography-calculated\" style=\"margin:0;font-size:1em;--fontSize:20;--minFontSize:20;line-height:;\"><a href=\"https:\/\/utahorthodonticcare.com\/es\/ortodoncia-asequible\/\" class=\"awb-custom-text-color awb-custom-text-hover-color\" target=\"_self\">Ortodoncia asequible<\/a><\/h4><\/div><div class=\"fusion-content-tb fusion-content-tb-3\" style=\"--awb-text-color:var(--awb-color8);--awb-margin-bottom:0px;--awb-margin-left:20px;--awb-margin-right:20px;--awb-text-transform:none;\"><p>\u00a1Cuando se trata de enderezar los dientes, Utah Orthodontic Care [...]<\/p><\/div><\/div><\/div><\/div><div ><a class=\"fusion-button button-flat fusion-button-default-size button-custom fusion-button-default button-3 fusion-button-default-span fusion-button-default-type\" style=\"--button_accent_color:var(--awb-color8);--button_accent_hover_color:var(--awb-custom_color_1);--button_border_hover_color:var(--awb-color1);--button_gradient_top_color:rgba(255,255,255,0);--button_gradient_bottom_color:rgba(255,255,255,0);--button_gradient_top_color_hover:rgba(255,255,255,0);--button_gradient_bottom_color_hover:rgba(255,255,255,0);--button_font_size:15px;--button_padding-right:20px;--button_padding-left:20px;\" target=\"_self\" data-hover=\"icon_slide\" role=\"button\" href=\"https:\/\/utahorthodonticcare.com\/es\/ortodoncia-asequible\/\"><span class=\"fusion-button-text awb-button__text awb-button__text--default\">Read More<\/span><i class=\"fa-angle-right fas awb-button__icon awb-button__icon--default button-icon-right\" aria-hidden=\"true\"><\/i><\/a><\/div><\/div><\/li>\n<\/ul><\/div><\/div><\/div><\/div><\/div>\n","protected":false},"excerpt":{"rendered":"","protected":false},"author":2,"featured_media":0,"parent":0,"menu_order":0,"comment_status":"closed","ping_status":"closed","template":"100-width.php","meta":{"inline_featured_image":false,"footnotes":""},"class_list":["post-9338","page","type-page","status-publish","hentry"],"yoast_head":"<!-- This site is optimized with the Yoast SEO plugin v25.0 - https:\/\/yoast.com\/wordpress\/plugins\/seo\/ -->\n<title>Blog | Utah Orthodontic Care<\/title>\n<meta name=\"description\" content=\"Visite el blog de Utah Orthodontic Care para obtener m\u00e1s informaci\u00f3n sobre c\u00f3mo conseguir y mantener una sonrisa sana y bonita. Reserve su pr\u00f3xima visita con nosotros hoy mismo.\" \/>\n<meta name=\"robots\" content=\"index, follow, max-snippet:-1, max-image-preview:large, max-video-preview:-1\" \/>\n<link rel=\"canonical\" href=\"https:\/\/utahorthodonticcare.com\/es\/blog\/\" \/>\n<meta property=\"og:locale\" content=\"es_ES\" \/>\n<meta property=\"og:type\" content=\"article\" \/>\n<meta property=\"og:title\" content=\"Blog | Utah Orthodontic Care\" \/>\n<meta property=\"og:description\" content=\"Visite el blog de Utah Orthodontic Care para obtener m\u00e1s informaci\u00f3n sobre c\u00f3mo conseguir y mantener una sonrisa sana y bonita. Reserve su pr\u00f3xima visita con nosotros hoy mismo.\" \/>\n<meta property=\"og:url\" content=\"https:\/\/utahorthodonticcare.com\/es\/blog\/\" \/>\n<meta property=\"og:site_name\" content=\"Utah Orthodontic Care\" \/>\n<meta property=\"article:modified_time\" content=\"2025-05-06T17:12:33+00:00\" \/>\n<meta name=\"twitter:card\" content=\"summary_large_image\" \/>\n<meta name=\"twitter:label1\" content=\"Est. reading time\" \/>\n\t<meta name=\"twitter:data1\" content=\"10 minutos\" \/>\n<script type=\"application\/ld+json\" class=\"yoast-schema-graph\">{\"@context\":\"https:\/\/schema.org\",\"@graph\":[{\"@type\":\"WebPage\",\"@id\":\"https:\/\/utahorthodonticcare.com\/es\/blog\/\",\"url\":\"https:\/\/utahorthodonticcare.com\/es\/blog\/\",\"name\":\"Blog | Utah Orthodontic Care\",\"isPartOf\":{\"@id\":\"https:\/\/utahorthodonticcare.com\/es\/#website\"},\"datePublished\":\"2024-11-26T06:38:21+00:00\",\"dateModified\":\"2025-05-06T17:12:33+00:00\",\"description\":\"Visite el blog de Utah Orthodontic Care para obtener m\u00e1s informaci\u00f3n sobre c\u00f3mo conseguir y mantener una sonrisa sana y bonita. Reserve su pr\u00f3xima visita con nosotros hoy mismo.\",\"breadcrumb\":{\"@id\":\"https:\/\/utahorthodonticcare.com\/es\/blog\/#breadcrumb\"},\"inLanguage\":\"es\",\"potentialAction\":[{\"@type\":\"ReadAction\",\"target\":[\"https:\/\/utahorthodonticcare.com\/es\/blog\/\"]}]},{\"@type\":\"BreadcrumbList\",\"@id\":\"https:\/\/utahorthodonticcare.com\/es\/blog\/#breadcrumb\",\"itemListElement\":[{\"@type\":\"ListItem\",\"position\":1,\"name\":\"Home\",\"item\":\"https:\/\/utahorthodonticcare.com\/es\/\"},{\"@type\":\"ListItem\",\"position\":2,\"name\":\"Blog\"}]},{\"@type\":\"WebSite\",\"@id\":\"https:\/\/utahorthodonticcare.com\/es\/#website\",\"url\":\"https:\/\/utahorthodonticcare.com\/es\/\",\"name\":\"Utah Orthodontic Care\",\"description\":\"\",\"potentialAction\":[{\"@type\":\"SearchAction\",\"target\":{\"@type\":\"EntryPoint\",\"urlTemplate\":\"https:\/\/utahorthodonticcare.com\/es\/?s={search_term_string}\"},\"query-input\":{\"@type\":\"PropertyValueSpecification\",\"valueRequired\":true,\"valueName\":\"search_term_string\"}}],\"inLanguage\":\"es\"}]}<\/script>\n<!-- \/ Yoast SEO plugin. -->","yoast_head_json":{"title":"Blog | Utah Orthodontic Care","description":"Visite el blog de Utah Orthodontic Care para obtener m\u00e1s informaci\u00f3n sobre c\u00f3mo conseguir y mantener una sonrisa sana y bonita. Reserve su pr\u00f3xima visita con nosotros hoy mismo.","robots":{"index":"index","follow":"follow","max-snippet":"max-snippet:-1","max-image-preview":"max-image-preview:large","max-video-preview":"max-video-preview:-1"},"canonical":"https:\/\/utahorthodonticcare.com\/es\/blog\/","og_locale":"es_ES","og_type":"article","og_title":"Blog | Utah Orthodontic Care","og_description":"Visite el blog de Utah Orthodontic Care para obtener m\u00e1s informaci\u00f3n sobre c\u00f3mo conseguir y mantener una sonrisa sana y bonita. Reserve su pr\u00f3xima visita con nosotros hoy mismo.","og_url":"https:\/\/utahorthodonticcare.com\/es\/blog\/","og_site_name":"Utah Orthodontic Care","article_modified_time":"2025-05-06T17:12:33+00:00","twitter_card":"summary_large_image","twitter_misc":{"Est. reading time":"10 minutos"},"schema":{"@context":"https:\/\/schema.org","@graph":[{"@type":"WebPage","@id":"https:\/\/utahorthodonticcare.com\/es\/blog\/","url":"https:\/\/utahorthodonticcare.com\/es\/blog\/","name":"Blog | Utah Orthodontic Care","isPartOf":{"@id":"https:\/\/utahorthodonticcare.com\/es\/#website"},"datePublished":"2024-11-26T06:38:21+00:00","dateModified":"2025-05-06T17:12:33+00:00","description":"Visite el blog de Utah Orthodontic Care para obtener m\u00e1s informaci\u00f3n sobre c\u00f3mo conseguir y mantener una sonrisa sana y bonita. Reserve su pr\u00f3xima visita con nosotros hoy mismo.","breadcrumb":{"@id":"https:\/\/utahorthodonticcare.com\/es\/blog\/#breadcrumb"},"inLanguage":"es","potentialAction":[{"@type":"ReadAction","target":["https:\/\/utahorthodonticcare.com\/es\/blog\/"]}]},{"@type":"BreadcrumbList","@id":"https:\/\/utahorthodonticcare.com\/es\/blog\/#breadcrumb","itemListElement":[{"@type":"ListItem","position":1,"name":"Home","item":"https:\/\/utahorthodonticcare.com\/es\/"},{"@type":"ListItem","position":2,"name":"Blog"}]},{"@type":"WebSite","@id":"https:\/\/utahorthodonticcare.com\/es\/#website","url":"https:\/\/utahorthodonticcare.com\/es\/","name":"Utah Orthodontic Care","description":"","potentialAction":[{"@type":"SearchAction","target":{"@type":"EntryPoint","urlTemplate":"https:\/\/utahorthodonticcare.com\/es\/?s={search_term_string}"},"query-input":{"@type":"PropertyValueSpecification","valueRequired":true,"valueName":"search_term_string"}}],"inLanguage":"es"}]}},"_links":{"self":[{"href":"https:\/\/utahorthodonticcare.com\/es\/wp-json\/wp\/v2\/pages\/9338","targetHints":{"allow":["GET"]}}],"collection":[{"href":"https:\/\/utahorthodonticcare.com\/es\/wp-json\/wp\/v2\/pages"}],"about":[{"href":"https:\/\/utahorthodonticcare.com\/es\/wp-json\/wp\/v2\/types\/page"}],"author":[{"embeddable":true,"href":"https:\/\/utahorthodonticcare.com\/es\/wp-json\/wp\/v2\/users\/2"}],"replies":[{"embeddable":true,"href":"https:\/\/utahorthodonticcare.com\/es\/wp-json\/wp\/v2\/comments?post=9338"}],"version-history":[{"count":0,"href":"https:\/\/utahorthodonticcare.com\/es\/wp-json\/wp\/v2\/pages\/9338\/revisions"}],"wp:attachment":[{"href":"https:\/\/utahorthodonticcare.com\/es\/wp-json\/wp\/v2\/media?parent=9338"}],"curies":[{"name":"wp","href":"https:\/\/api.w.org\/{rel}","templated":true}]}}