{"id":9333,"date":"2024-11-26T02:28:00","date_gmt":"2024-11-26T09:28:00","guid":{"rendered":"https:\/\/utahorthodonticcare.com\/politica-de-no-discriminacion\/"},"modified":"2025-05-06T22:03:19","modified_gmt":"2025-05-06T22:03:19","slug":"no-discrimina","status":"publish","type":"page","link":"https:\/\/utahorthodonticcare.com\/es\/no-discrimina\/","title":{"rendered":"Pol\u00edtica de no discriminaci\u00f3n"},"content":{"rendered":"<div class=\"fusion-fullwidth fullwidth-box fusion-builder-row-1 fusion-flex-container has-pattern-background has-mask-background nonhundred-percent-fullwidth non-hundred-percent-height-scrolling\" style=\"--awb-border-radius-top-left:0px;--awb-border-radius-top-right:0px;--awb-border-radius-bottom-right:0px;--awb-border-radius-bottom-left:0px;--awb-flex-wrap:wrap;\" ><div class=\"fusion-builder-row fusion-row fusion-flex-align-items-flex-start fusion-flex-content-wrap\" style=\"max-width:1580.8px;margin-left: calc(-4% \/ 2 );margin-right: calc(-4% \/ 2 );\"><div class=\"fusion-layout-column fusion_builder_column fusion-builder-column-0 fusion_builder_column_1_1 1_1 fusion-flex-column\" style=\"--awb-bg-size:cover;--awb-width-large:100%;--awb-margin-top-large:0px;--awb-spacing-right-large:1.92%;--awb-margin-bottom-large:20px;--awb-spacing-left-large:1.92%;--awb-width-medium:100%;--awb-order-medium:0;--awb-spacing-right-medium:1.92%;--awb-spacing-left-medium:1.92%;--awb-width-small:100%;--awb-order-small:0;--awb-spacing-right-small:1.92%;--awb-spacing-left-small:1.92%;\"><div class=\"fusion-column-wrapper fusion-column-has-shadow fusion-flex-justify-content-flex-start fusion-content-layout-column\"><div class=\"fusion-title title fusion-title-1 fusion-sep-none fusion-title-text fusion-title-size-one\" style=\"--awb-margin-top:0px;--awb-margin-top-small:0px;\"><h1 class=\"fusion-title-heading title-heading-left fusion-responsive-typography-calculated\" style=\"margin:0;--fontSize:70;line-height:1.1;\">Pol\u00edtica de no discriminaci\u00f3n<\/h1><\/div><\/div><\/div><div class=\"fusion-layout-column fusion_builder_column fusion-builder-column-1 fusion_builder_column_1_3 1_3 fusion-flex-column\" style=\"--awb-bg-size:cover;--awb-width-large:33.3333333333%;--awb-margin-top-large:0px;--awb-spacing-right-large:5.76%;--awb-margin-bottom-large:20px;--awb-spacing-left-large:5.76%;--awb-width-medium:33.3333333333%;--awb-order-medium:0;--awb-spacing-right-medium:5.76%;--awb-spacing-left-medium:5.76%;--awb-width-small:100%;--awb-order-small:0;--awb-spacing-right-small:1.92%;--awb-spacing-left-small:1.92%;\"><div class=\"fusion-column-wrapper fusion-column-has-shadow fusion-flex-justify-content-flex-start fusion-content-layout-column\"><div class=\"fusion-image-element \" style=\"text-align:center;--awb-caption-title-font-family:var(--h2_typography-font-family);--awb-caption-title-font-weight:var(--h2_typography-font-weight);--awb-caption-title-font-style:var(--h2_typography-font-style);--awb-caption-title-size:var(--h2_typography-font-size);--awb-caption-title-transform:var(--h2_typography-text-transform);--awb-caption-title-line-height:var(--h2_typography-line-height);--awb-caption-title-letter-spacing:var(--h2_typography-letter-spacing);\"><span class=\" fusion-imageframe imageframe-none imageframe-1 hover-type-none\"><img decoding=\"async\" width=\"442\" height=\"627\" src=\"https:\/\/utahorthodonticcare.com\/wp-content\/uploads\/2024\/11\/unnamed-1.webp\" alt class=\"img-responsive wp-image-9072\" srcset=\"https:\/\/utahorthodonticcare.com\/wp-content\/uploads\/2024\/11\/unnamed-1-200x284.webp 200w, https:\/\/utahorthodonticcare.com\/wp-content\/uploads\/2024\/11\/unnamed-1-211x300.webp 211w, https:\/\/utahorthodonticcare.com\/wp-content\/uploads\/2024\/11\/unnamed-1-400x567.webp 400w, https:\/\/utahorthodonticcare.com\/wp-content\/uploads\/2024\/11\/unnamed-1.webp 442w\" sizes=\"(max-width: 640px) 100vw, 442px\" \/><\/span><\/div><\/div><\/div><div class=\"fusion-layout-column fusion_builder_column fusion-builder-column-2 fusion_builder_column_2_3 2_3 fusion-flex-column\" style=\"--awb-bg-size:cover;--awb-width-large:66.6666666667%;--awb-margin-top-large:0px;--awb-spacing-right-large:2.88%;--awb-margin-bottom-large:20px;--awb-spacing-left-large:2.88%;--awb-width-medium:66.6666666667%;--awb-order-medium:0;--awb-spacing-right-medium:2.88%;--awb-spacing-left-medium:2.88%;--awb-width-small:100%;--awb-order-small:0;--awb-spacing-right-small:1.92%;--awb-spacing-left-small:1.92%;\"><div class=\"fusion-column-wrapper fusion-column-has-shadow fusion-flex-justify-content-flex-start fusion-content-layout-column\"><div class=\"fusion-text fusion-text-1\"><p>Utah Orthodontic Care no discrimina ni discrimina por motivos de raza, color, religi\u00f3n, credo, sexo, g\u00e9nero, edad, origen nacional, raza, discapacidad, estado civil, orientaci\u00f3n sexual, idioma o estado militar, en ninguna de sus actividades u operaciones. Estas actividades incluyen, entre otras, la contrataci\u00f3n y despido de personal, la selecci\u00f3n de proveedores y la prestaci\u00f3n de servicios. Nos comprometemos a proporcionar un entorno inclusivo y acogedor para todos los miembros de nuestro personal, pacientes, subcontratistas, proveedores y clientes.  <\/p>\n<p>Utah Orthodontic Care es un empleador que ofrece igualdad de oportunidades. No discriminaremos y tomaremos medidas de acci\u00f3n afirmativa para garantizar contra la discriminaci\u00f3n en el empleo, contrataci\u00f3n, anuncios de empleo, compensaci\u00f3n, terminaci\u00f3n, ascenso de categor\u00eda, ascensos y otras condiciones de empleo contra cualquier empleado o solicitante de empleo por motivos de raza, color, g\u00e9nero, origen nacional, edad, religi\u00f3n, credo, discapacidad, estado del veterano, orientaci\u00f3n sexual, identidad de g\u00e9nero o expresi\u00f3n de g\u00e9nero. <\/p>\n<p>Utah Orthodontic Care proh\u00edbe represalias contra cualquier persona porque se opuso o se quej\u00f3 de la discriminaci\u00f3n de buena fe, asisti\u00f3 de buena fe en la investigaci\u00f3n de una queja por discriminaci\u00f3n o particip\u00f3 en un cargo por discriminaci\u00f3n u otro procedimiento bajo la ley federal, estatal o local ley de discriminaci\u00f3n.<\/p>\n<\/div><\/div><\/div><\/div><\/div>\n","protected":false},"excerpt":{"rendered":"","protected":false},"author":2,"featured_media":0,"parent":0,"menu_order":0,"comment_status":"closed","ping_status":"closed","template":"100-width.php","meta":{"inline_featured_image":false,"footnotes":""},"class_list":["post-9333","page","type-page","status-publish","hentry"],"yoast_head":"<!-- This site is optimized with the Yoast SEO plugin v25.0 - https:\/\/yoast.com\/wordpress\/plugins\/seo\/ -->\n<title>Pol\u00edtica de no discriminaci\u00f3n | UOC | Utah Orthodontic Care<\/title>\n<meta name=\"description\" content=\"Utah Orthodontic Care ofrece tratamiento de ortodoncia de primera calidad a pacientes de todas las edades. Consulte nuestra pol\u00edtica de no discriminaci\u00f3n y reserve su pr\u00f3xima cita hoy mismo.\" \/>\n<meta name=\"robots\" content=\"index, follow, max-snippet:-1, max-image-preview:large, max-video-preview:-1\" \/>\n<link rel=\"canonical\" href=\"https:\/\/utahorthodonticcare.com\/es\/no-discrimina\/\" \/>\n<meta property=\"og:locale\" content=\"es_ES\" \/>\n<meta property=\"og:type\" content=\"article\" \/>\n<meta property=\"og:title\" content=\"Pol\u00edtica de no discriminaci\u00f3n | UOC | Utah Orthodontic Care\" \/>\n<meta property=\"og:description\" content=\"Utah Orthodontic Care ofrece tratamiento de ortodoncia de primera calidad a pacientes de todas las edades. Consulte nuestra pol\u00edtica de no discriminaci\u00f3n y reserve su pr\u00f3xima cita hoy mismo.\" \/>\n<meta property=\"og:url\" content=\"https:\/\/utahorthodonticcare.com\/es\/no-discrimina\/\" \/>\n<meta property=\"og:site_name\" content=\"Utah Orthodontic Care\" \/>\n<meta property=\"article:modified_time\" content=\"2025-05-06T22:03:19+00:00\" \/>\n<meta name=\"twitter:card\" content=\"summary_large_image\" \/>\n<meta name=\"twitter:label1\" content=\"Est. reading time\" \/>\n\t<meta name=\"twitter:data1\" content=\"13 minutos\" \/>\n<script type=\"application\/ld+json\" class=\"yoast-schema-graph\">{\"@context\":\"https:\/\/schema.org\",\"@graph\":[{\"@type\":\"WebPage\",\"@id\":\"https:\/\/utahorthodonticcare.com\/es\/no-discrimina\/\",\"url\":\"https:\/\/utahorthodonticcare.com\/es\/no-discrimina\/\",\"name\":\"Pol\u00edtica de no discriminaci\u00f3n | UOC | Utah Orthodontic Care\",\"isPartOf\":{\"@id\":\"https:\/\/utahorthodonticcare.com\/es\/#website\"},\"datePublished\":\"2024-11-26T09:28:00+00:00\",\"dateModified\":\"2025-05-06T22:03:19+00:00\",\"description\":\"Utah Orthodontic Care ofrece tratamiento de ortodoncia de primera calidad a pacientes de todas las edades. Consulte nuestra pol\u00edtica de no discriminaci\u00f3n y reserve su pr\u00f3xima cita hoy mismo.\",\"breadcrumb\":{\"@id\":\"https:\/\/utahorthodonticcare.com\/es\/no-discrimina\/#breadcrumb\"},\"inLanguage\":\"es\",\"potentialAction\":[{\"@type\":\"ReadAction\",\"target\":[\"https:\/\/utahorthodonticcare.com\/es\/no-discrimina\/\"]}]},{\"@type\":\"BreadcrumbList\",\"@id\":\"https:\/\/utahorthodonticcare.com\/es\/no-discrimina\/#breadcrumb\",\"itemListElement\":[{\"@type\":\"ListItem\",\"position\":1,\"name\":\"Home\",\"item\":\"https:\/\/utahorthodonticcare.com\/es\/\"},{\"@type\":\"ListItem\",\"position\":2,\"name\":\"Pol\u00edtica de no discriminaci\u00f3n\"}]},{\"@type\":\"WebSite\",\"@id\":\"https:\/\/utahorthodonticcare.com\/es\/#website\",\"url\":\"https:\/\/utahorthodonticcare.com\/es\/\",\"name\":\"Utah Orthodontic Care\",\"description\":\"\",\"potentialAction\":[{\"@type\":\"SearchAction\",\"target\":{\"@type\":\"EntryPoint\",\"urlTemplate\":\"https:\/\/utahorthodonticcare.com\/es\/?s={search_term_string}\"},\"query-input\":{\"@type\":\"PropertyValueSpecification\",\"valueRequired\":true,\"valueName\":\"search_term_string\"}}],\"inLanguage\":\"es\"}]}<\/script>\n<!-- \/ Yoast SEO plugin. -->","yoast_head_json":{"title":"Pol\u00edtica de no discriminaci\u00f3n | UOC | Utah Orthodontic Care","description":"Utah Orthodontic Care ofrece tratamiento de ortodoncia de primera calidad a pacientes de todas las edades. Consulte nuestra pol\u00edtica de no discriminaci\u00f3n y reserve su pr\u00f3xima cita hoy mismo.","robots":{"index":"index","follow":"follow","max-snippet":"max-snippet:-1","max-image-preview":"max-image-preview:large","max-video-preview":"max-video-preview:-1"},"canonical":"https:\/\/utahorthodonticcare.com\/es\/no-discrimina\/","og_locale":"es_ES","og_type":"article","og_title":"Pol\u00edtica de no discriminaci\u00f3n | UOC | Utah Orthodontic Care","og_description":"Utah Orthodontic Care ofrece tratamiento de ortodoncia de primera calidad a pacientes de todas las edades. Consulte nuestra pol\u00edtica de no discriminaci\u00f3n y reserve su pr\u00f3xima cita hoy mismo.","og_url":"https:\/\/utahorthodonticcare.com\/es\/no-discrimina\/","og_site_name":"Utah Orthodontic Care","article_modified_time":"2025-05-06T22:03:19+00:00","twitter_card":"summary_large_image","twitter_misc":{"Est. reading time":"13 minutos"},"schema":{"@context":"https:\/\/schema.org","@graph":[{"@type":"WebPage","@id":"https:\/\/utahorthodonticcare.com\/es\/no-discrimina\/","url":"https:\/\/utahorthodonticcare.com\/es\/no-discrimina\/","name":"Pol\u00edtica de no discriminaci\u00f3n | UOC | Utah Orthodontic Care","isPartOf":{"@id":"https:\/\/utahorthodonticcare.com\/es\/#website"},"datePublished":"2024-11-26T09:28:00+00:00","dateModified":"2025-05-06T22:03:19+00:00","description":"Utah Orthodontic Care ofrece tratamiento de ortodoncia de primera calidad a pacientes de todas las edades. Consulte nuestra pol\u00edtica de no discriminaci\u00f3n y reserve su pr\u00f3xima cita hoy mismo.","breadcrumb":{"@id":"https:\/\/utahorthodonticcare.com\/es\/no-discrimina\/#breadcrumb"},"inLanguage":"es","potentialAction":[{"@type":"ReadAction","target":["https:\/\/utahorthodonticcare.com\/es\/no-discrimina\/"]}]},{"@type":"BreadcrumbList","@id":"https:\/\/utahorthodonticcare.com\/es\/no-discrimina\/#breadcrumb","itemListElement":[{"@type":"ListItem","position":1,"name":"Home","item":"https:\/\/utahorthodonticcare.com\/es\/"},{"@type":"ListItem","position":2,"name":"Pol\u00edtica de no discriminaci\u00f3n"}]},{"@type":"WebSite","@id":"https:\/\/utahorthodonticcare.com\/es\/#website","url":"https:\/\/utahorthodonticcare.com\/es\/","name":"Utah Orthodontic Care","description":"","potentialAction":[{"@type":"SearchAction","target":{"@type":"EntryPoint","urlTemplate":"https:\/\/utahorthodonticcare.com\/es\/?s={search_term_string}"},"query-input":{"@type":"PropertyValueSpecification","valueRequired":true,"valueName":"search_term_string"}}],"inLanguage":"es"}]}},"_links":{"self":[{"href":"https:\/\/utahorthodonticcare.com\/es\/wp-json\/wp\/v2\/pages\/9333","targetHints":{"allow":["GET"]}}],"collection":[{"href":"https:\/\/utahorthodonticcare.com\/es\/wp-json\/wp\/v2\/pages"}],"about":[{"href":"https:\/\/utahorthodonticcare.com\/es\/wp-json\/wp\/v2\/types\/page"}],"author":[{"embeddable":true,"href":"https:\/\/utahorthodonticcare.com\/es\/wp-json\/wp\/v2\/users\/2"}],"replies":[{"embeddable":true,"href":"https:\/\/utahorthodonticcare.com\/es\/wp-json\/wp\/v2\/comments?post=9333"}],"version-history":[{"count":0,"href":"https:\/\/utahorthodonticcare.com\/es\/wp-json\/wp\/v2\/pages\/9333\/revisions"}],"wp:attachment":[{"href":"https:\/\/utahorthodonticcare.com\/es\/wp-json\/wp\/v2\/media?parent=9333"}],"curies":[{"name":"wp","href":"https:\/\/api.w.org\/{rel}","templated":true}]}}