{"id":9332,"date":"2024-11-26T02:29:26","date_gmt":"2024-11-26T09:29:26","guid":{"rendered":"https:\/\/utahorthodonticcare.com\/politica-de-privacidad\/"},"modified":"2025-05-06T22:04:26","modified_gmt":"2025-05-06T22:04:26","slug":"privacy-policy","status":"publish","type":"page","link":"https:\/\/utahorthodonticcare.com\/es\/privacy-policy\/","title":{"rendered":"Pol\u00edtica de privacidad"},"content":{"rendered":"<div class=\"fusion-fullwidth fullwidth-box fusion-builder-row-1 fusion-flex-container has-pattern-background has-mask-background nonhundred-percent-fullwidth non-hundred-percent-height-scrolling\" style=\"--awb-border-radius-top-left:0px;--awb-border-radius-top-right:0px;--awb-border-radius-bottom-right:0px;--awb-border-radius-bottom-left:0px;--awb-flex-wrap:wrap;\" ><div class=\"fusion-builder-row fusion-row fusion-flex-align-items-flex-start fusion-flex-content-wrap\" style=\"max-width:1580.8px;margin-left: calc(-4% \/ 2 );margin-right: calc(-4% \/ 2 );\"><div class=\"fusion-layout-column fusion_builder_column fusion-builder-column-0 fusion_builder_column_1_1 1_1 fusion-flex-column\" style=\"--awb-bg-size:cover;--awb-width-large:100%;--awb-margin-top-large:0px;--awb-spacing-right-large:1.92%;--awb-margin-bottom-large:20px;--awb-spacing-left-large:1.92%;--awb-width-medium:100%;--awb-order-medium:0;--awb-spacing-right-medium:1.92%;--awb-spacing-left-medium:1.92%;--awb-width-small:100%;--awb-order-small:0;--awb-spacing-right-small:1.92%;--awb-spacing-left-small:1.92%;\"><div class=\"fusion-column-wrapper fusion-column-has-shadow fusion-flex-justify-content-flex-start fusion-content-layout-column\"><div class=\"fusion-title title fusion-title-1 fusion-sep-none fusion-title-text fusion-title-size-one\" style=\"--awb-margin-top:0px;--awb-margin-top-small:0px;\"><h1 class=\"fusion-title-heading title-heading-left fusion-responsive-typography-calculated\" style=\"margin:0;--fontSize:70;line-height:1.1;\">Pol\u00edtica de privacidad<\/h1><\/div><\/div><\/div><div class=\"fusion-layout-column fusion_builder_column fusion-builder-column-1 fusion_builder_column_1_1 1_1 fusion-flex-column\" style=\"--awb-bg-size:cover;--awb-width-large:100%;--awb-margin-top-large:0px;--awb-spacing-right-large:1.92%;--awb-margin-bottom-large:20px;--awb-spacing-left-large:1.92%;--awb-width-medium:100%;--awb-order-medium:0;--awb-spacing-right-medium:1.92%;--awb-spacing-left-medium:1.92%;--awb-width-small:100%;--awb-order-small:0;--awb-spacing-right-small:1.92%;--awb-spacing-left-small:1.92%;\"><div class=\"fusion-column-wrapper fusion-column-has-shadow fusion-flex-justify-content-flex-start fusion-content-layout-column\"><div class=\"fusion-text fusion-text-1\"><p>Esta Pol\u00edtica de Privacidad regula la forma en que Utah Orthodontic Care recopila, usa, mantiene y divulga informaci\u00f3n recopilada de los usuarios (cada uno, un \u00abUsuario\u00bb) del sitio web www.utahorthodonticcare.com (\u00abSitio\u00bb). Esta pol\u00edtica de privacidad se aplica al Sitio ya todos los productos y servicios ofrecidos por Utah Orthodontic Care.<\/p>\n<p><strong>Informaci\u00f3n de identificaci\u00f3n personal<\/strong><\/p>\n<p>Podemos recopilar informaci\u00f3n de identificaci\u00f3n personal de los Usuarios de varias maneras, incluyendo, pero no limitado a, cuando los Usuarios visitan nuestro sitio, se registran en el sitio, llenan un formulario, y en conexi\u00f3n con otras actividades, servicios, disponible en nuestro sitio. Se puede pedir a los usuarios, seg\u00fan corresponda, nombre, direcci\u00f3n de correo electr\u00f3nico, direcci\u00f3n postal, n\u00famero de tel\u00e9fono. Sin embargo, los usuarios pueden visitar nuestro sitio de forma an\u00f3nima. Recopilaremos la informaci\u00f3n de identificaci\u00f3n personal de los Usuarios solamente si voluntariamente nos env\u00edan dicha informaci\u00f3n. Los usuarios siempre pueden negarse a proporcionar informaci\u00f3n de identificaci\u00f3n personal, excepto que puede impedirles participar en ciertas actividades relacionadas con el Sitio.<\/p>\n<p><strong>Informaci\u00f3n de identificaci\u00f3n no personal<\/strong><\/p>\n<p>Podemos recopilar informaci\u00f3n de identificaci\u00f3n no personal sobre los Usuarios siempre que interact\u00faen con nuestro Sitio. La informaci\u00f3n de identificaci\u00f3n no personal puede incluir el nombre del navegador, el tipo de computadora y la informaci\u00f3n t\u00e9cnica sobre los medios de conexi\u00f3n a nuestro sitio, como el sistema operativo y los proveedores de servicios de Internet utilizados y otra informaci\u00f3n similar.<\/p>\n<div dir=\"ltr\"><strong>Cookies del navegador web<\/strong><\/div>\n<div dir=\"ltr\">Nuestro Sitio puede usar \u00abcookies\u00bb para mejorar la experiencia del Usuario. El navegador web del usuario coloca las cookies en su disco duro para fines de mantenimiento de registros y a veces para rastrear informaci\u00f3n sobre ellas. El usuario puede elegir configurar su navegador web para rechazar las cookies o para avisarle cuando se env\u00edan las cookies. Si lo hacen, tenga en cuenta que algunas partes del Sitio pueden no funcionar correctamente.<\/div>\n<div dir=\"ltr\"><\/div>\n<div dir=\"ltr\"><strong>C\u00f3mo utilizamos la informaci\u00f3n recopilada<\/strong><\/div>\n<div dir=\"ltr\">Utah Orthodontic Care recopila y usa la informaci\u00f3n personal de los Usuarios para los siguientes prop\u00f3sitos:<\/div>\n<div dir=\"ltr\">\u2013 Procesar transacciones<\/div>\n<div dir=\"ltr\">Podemos utilizar la informaci\u00f3n que los Usuarios proporcionan sobre s\u00ed mismos cuando realizan un pedido \u00fanicamente para prestar servicio a ese pedido. No compartimos esta informaci\u00f3n con terceros excepto en la medida necesaria para proporcionar el servicio.<\/div>\n<div dir=\"ltr\">\u2013 Enviar correos electr\u00f3nicos peri\u00f3dicos<\/div>\n<div dir=\"ltr\">La direcci\u00f3n de correo electr\u00f3nico que proporcionan los usuarios s\u00f3lo se utilizar\u00e1 para responder a sus consultas y \/ o otras solicitudes o preguntas. Si el Usuario decide optar a nuestra lista de correo, recibir\u00e1 correos electr\u00f3nicos que pueden incluir noticias de la compa\u00f1\u00eda, actualizaciones, informaci\u00f3n relacionada con productos o servicios, etc. Si en alg\u00fan momento el Usuario desea cancelar la suscripci\u00f3n de recibir futuros correos electr\u00f3nicos, Desinscriba las instrucciones en la parte inferior de cada correo electr\u00f3nico.<\/div>\n<div dir=\"ltr\"><\/div>\n<div dir=\"ltr\"><strong>C\u00f3mo protegemos su informaci\u00f3n<\/strong><\/div>\n<div dir=\"ltr\">Adoptamos pr\u00e1cticas adecuadas de recopilaci\u00f3n, almacenamiento y procesamiento de datos y medidas de seguridad para proteger contra el acceso no autorizado, alteraci\u00f3n, divulgaci\u00f3n o destrucci\u00f3n de su informaci\u00f3n personal, nombre de usuario, contrase\u00f1a, informaci\u00f3n de transacci\u00f3n y datos almacenados en nuestro Sitio.<\/div>\n<div dir=\"ltr\"><\/div>\n<div dir=\"ltr\"><strong>C\u00f3mo compartir su informaci\u00f3n personal<\/strong><\/div>\n<div dir=\"ltr\">No vendemos, comerciamos ni alquilamos la informaci\u00f3n de identificaci\u00f3n personal de los Usuarios a terceros. Podemos compartir informaci\u00f3n demogr\u00e1fica agregada gen\u00e9rica no vinculada a ninguna informaci\u00f3n de identificaci\u00f3n personal con respecto a visitantes y usuarios con nuestros socios comerciales, afiliados de confianza y anunciantes para los prop\u00f3sitos descritos anteriormente.<\/div>\n<div dir=\"ltr\"><\/div>\n<div dir=\"ltr\"><strong>Cumplimiento de la ley de protecci\u00f3n de la privacidad en l\u00ednea de los ni\u00f1os<\/strong><\/div>\n<div dir=\"ltr\">Proteger la privacidad de los m\u00e1s j\u00f3venes es especialmente importante. Por esa raz\u00f3n, nunca recopilamos o mantenemos informaci\u00f3n en nuestro Sitio de aquellos que realmente sabemos que son menores de 13 a\u00f1os y ninguna parte de nuestro sitio web est\u00e1 estructurada para atraer a menores de 13 a\u00f1os.<\/div>\n<div dir=\"ltr\"><\/div>\n<div dir=\"ltr\"><strong>Cambios en esta pol\u00edtica de privacidad<\/strong><\/div>\n<div dir=\"ltr\">Utah Orthodontic Care tiene la discreci\u00f3n de actualizar esta pol\u00edtica de privacidad en cualquier momento. Cuando lo hagamos, revisaremos la fecha actualizada al final de esta p\u00e1gina. Animamos a los Usuarios a revisar frecuentemente esta p\u00e1gina para cualquier cambio para mantenerse informado sobre c\u00f3mo estamos ayudando a proteger la informaci\u00f3n personal que recopilamos. Usted reconoce y acepta que es su responsabilidad revisar esta pol\u00edtica de privacidad peri\u00f3dicamente y tomar conocimiento de las modificaciones.<\/div>\n<div dir=\"ltr\"><\/div>\n<div dir=\"ltr\"><strong>Su aceptaci\u00f3n de estos t\u00e9rminos<\/strong><\/div>\n<div dir=\"ltr\">Al usar este Sitio, usted significa su aceptaci\u00f3n de esta pol\u00edtica. Si no est\u00e1 de acuerdo con esta pol\u00edtica, no utilice nuestro sitio. Su uso continuado del Sitio tras la publicaci\u00f3n de cambios en esta pol\u00edtica se considerar\u00e1 su aceptaci\u00f3n de dichos cambios.<\/div>\n<div dir=\"ltr\"><\/div>\n<div dir=\"ltr\"><strong>Cont\u00e1ctenos<\/strong><\/div>\n<div dir=\"ltr\">Si tiene alguna pregunta acerca de esta Pol\u00edtica de privacidad, de las pr\u00e1cticas de este sitio o de sus relaciones con este sitio, p\u00f3ngase en contacto con:<\/div>\n<div dir=\"ltr\">Utah Orthodontic Care<\/div>\n<div dir=\"ltr\">1231 W 9000 S Ste D.<\/div>\n<div dir=\"ltr\">West Jordan, UT 84088<\/div>\n<div dir=\"ltr\"><a href=\"tel:(801)%20999-4431\" target=\"_blank\" rel=\"noopener\">801-999-4431<\/a><\/div>\n<div dir=\"ltr\"><a href=\"mailto:Cal@myuoc.com\" target=\"_blank\" rel=\"noopener\">Cal@myuoc.com<\/a><\/div>\n<div dir=\"ltr\"><\/div>\n<div dir=\"ltr\">Este documento fue actualizado por \u00faltima vez el 14 de mayo de 2012<\/div>\n<\/div><\/div><\/div><\/div><\/div>\n","protected":false},"excerpt":{"rendered":"","protected":false},"author":2,"featured_media":0,"parent":0,"menu_order":0,"comment_status":"closed","ping_status":"closed","template":"100-width.php","meta":{"inline_featured_image":false,"footnotes":""},"class_list":["post-9332","page","type-page","status-publish","hentry"],"yoast_head":"<!-- This site is optimized with the Yoast SEO plugin v25.0 - https:\/\/yoast.com\/wordpress\/plugins\/seo\/ -->\n<title>Pol\u00edtica de privacidad | West Jordan, UT | Utah Orthodontic Care<\/title>\n<meta name=\"description\" content=\"Utah Orthodontic Care ofrece un tratamiento de ortodoncia de calidad, asequible y c\u00f3modo a pacientes de todas las edades.\" \/>\n<meta name=\"robots\" content=\"index, follow, max-snippet:-1, max-image-preview:large, max-video-preview:-1\" \/>\n<link rel=\"canonical\" href=\"https:\/\/utahorthodonticcare.com\/es\/privacy-policy\/\" \/>\n<meta property=\"og:locale\" content=\"es_ES\" \/>\n<meta property=\"og:type\" content=\"article\" \/>\n<meta property=\"og:title\" content=\"Pol\u00edtica de privacidad | West Jordan, UT | Utah Orthodontic Care\" \/>\n<meta property=\"og:description\" content=\"Utah Orthodontic Care ofrece un tratamiento de ortodoncia de calidad, asequible y c\u00f3modo a pacientes de todas las edades.\" \/>\n<meta property=\"og:url\" content=\"https:\/\/utahorthodonticcare.com\/es\/privacy-policy\/\" \/>\n<meta property=\"og:site_name\" content=\"Utah Orthodontic Care\" \/>\n<meta property=\"article:modified_time\" content=\"2025-05-06T22:04:26+00:00\" \/>\n<meta name=\"twitter:card\" content=\"summary_large_image\" \/>\n<meta name=\"twitter:label1\" content=\"Est. reading time\" \/>\n\t<meta name=\"twitter:data1\" content=\"4 minutos\" \/>\n<script type=\"application\/ld+json\" class=\"yoast-schema-graph\">{\"@context\":\"https:\/\/schema.org\",\"@graph\":[{\"@type\":\"WebPage\",\"@id\":\"https:\/\/utahorthodonticcare.com\/es\/privacy-policy\/\",\"url\":\"https:\/\/utahorthodonticcare.com\/es\/privacy-policy\/\",\"name\":\"Pol\u00edtica de privacidad | West Jordan, UT | Utah Orthodontic Care\",\"isPartOf\":{\"@id\":\"https:\/\/utahorthodonticcare.com\/es\/#website\"},\"datePublished\":\"2024-11-26T09:29:26+00:00\",\"dateModified\":\"2025-05-06T22:04:26+00:00\",\"description\":\"Utah Orthodontic Care ofrece un tratamiento de ortodoncia de calidad, asequible y c\u00f3modo a pacientes de todas las edades.\",\"breadcrumb\":{\"@id\":\"https:\/\/utahorthodonticcare.com\/es\/privacy-policy\/#breadcrumb\"},\"inLanguage\":\"es\",\"potentialAction\":[{\"@type\":\"ReadAction\",\"target\":[\"https:\/\/utahorthodonticcare.com\/es\/privacy-policy\/\"]}]},{\"@type\":\"BreadcrumbList\",\"@id\":\"https:\/\/utahorthodonticcare.com\/es\/privacy-policy\/#breadcrumb\",\"itemListElement\":[{\"@type\":\"ListItem\",\"position\":1,\"name\":\"Home\",\"item\":\"https:\/\/utahorthodonticcare.com\/es\/\"},{\"@type\":\"ListItem\",\"position\":2,\"name\":\"Pol\u00edtica de privacidad\"}]},{\"@type\":\"WebSite\",\"@id\":\"https:\/\/utahorthodonticcare.com\/es\/#website\",\"url\":\"https:\/\/utahorthodonticcare.com\/es\/\",\"name\":\"Utah Orthodontic Care\",\"description\":\"\",\"potentialAction\":[{\"@type\":\"SearchAction\",\"target\":{\"@type\":\"EntryPoint\",\"urlTemplate\":\"https:\/\/utahorthodonticcare.com\/es\/?s={search_term_string}\"},\"query-input\":{\"@type\":\"PropertyValueSpecification\",\"valueRequired\":true,\"valueName\":\"search_term_string\"}}],\"inLanguage\":\"es\"}]}<\/script>\n<!-- \/ Yoast SEO plugin. -->","yoast_head_json":{"title":"Pol\u00edtica de privacidad | West Jordan, UT | Utah Orthodontic Care","description":"Utah Orthodontic Care ofrece un tratamiento de ortodoncia de calidad, asequible y c\u00f3modo a pacientes de todas las edades.","robots":{"index":"index","follow":"follow","max-snippet":"max-snippet:-1","max-image-preview":"max-image-preview:large","max-video-preview":"max-video-preview:-1"},"canonical":"https:\/\/utahorthodonticcare.com\/es\/privacy-policy\/","og_locale":"es_ES","og_type":"article","og_title":"Pol\u00edtica de privacidad | West Jordan, UT | Utah Orthodontic Care","og_description":"Utah Orthodontic Care ofrece un tratamiento de ortodoncia de calidad, asequible y c\u00f3modo a pacientes de todas las edades.","og_url":"https:\/\/utahorthodonticcare.com\/es\/privacy-policy\/","og_site_name":"Utah Orthodontic Care","article_modified_time":"2025-05-06T22:04:26+00:00","twitter_card":"summary_large_image","twitter_misc":{"Est. reading time":"4 minutos"},"schema":{"@context":"https:\/\/schema.org","@graph":[{"@type":"WebPage","@id":"https:\/\/utahorthodonticcare.com\/es\/privacy-policy\/","url":"https:\/\/utahorthodonticcare.com\/es\/privacy-policy\/","name":"Pol\u00edtica de privacidad | West Jordan, UT | Utah Orthodontic Care","isPartOf":{"@id":"https:\/\/utahorthodonticcare.com\/es\/#website"},"datePublished":"2024-11-26T09:29:26+00:00","dateModified":"2025-05-06T22:04:26+00:00","description":"Utah Orthodontic Care ofrece un tratamiento de ortodoncia de calidad, asequible y c\u00f3modo a pacientes de todas las edades.","breadcrumb":{"@id":"https:\/\/utahorthodonticcare.com\/es\/privacy-policy\/#breadcrumb"},"inLanguage":"es","potentialAction":[{"@type":"ReadAction","target":["https:\/\/utahorthodonticcare.com\/es\/privacy-policy\/"]}]},{"@type":"BreadcrumbList","@id":"https:\/\/utahorthodonticcare.com\/es\/privacy-policy\/#breadcrumb","itemListElement":[{"@type":"ListItem","position":1,"name":"Home","item":"https:\/\/utahorthodonticcare.com\/es\/"},{"@type":"ListItem","position":2,"name":"Pol\u00edtica de privacidad"}]},{"@type":"WebSite","@id":"https:\/\/utahorthodonticcare.com\/es\/#website","url":"https:\/\/utahorthodonticcare.com\/es\/","name":"Utah Orthodontic Care","description":"","potentialAction":[{"@type":"SearchAction","target":{"@type":"EntryPoint","urlTemplate":"https:\/\/utahorthodonticcare.com\/es\/?s={search_term_string}"},"query-input":{"@type":"PropertyValueSpecification","valueRequired":true,"valueName":"search_term_string"}}],"inLanguage":"es"}]}},"_links":{"self":[{"href":"https:\/\/utahorthodonticcare.com\/es\/wp-json\/wp\/v2\/pages\/9332","targetHints":{"allow":["GET"]}}],"collection":[{"href":"https:\/\/utahorthodonticcare.com\/es\/wp-json\/wp\/v2\/pages"}],"about":[{"href":"https:\/\/utahorthodonticcare.com\/es\/wp-json\/wp\/v2\/types\/page"}],"author":[{"embeddable":true,"href":"https:\/\/utahorthodonticcare.com\/es\/wp-json\/wp\/v2\/users\/2"}],"replies":[{"embeddable":true,"href":"https:\/\/utahorthodonticcare.com\/es\/wp-json\/wp\/v2\/comments?post=9332"}],"version-history":[{"count":0,"href":"https:\/\/utahorthodonticcare.com\/es\/wp-json\/wp\/v2\/pages\/9332\/revisions"}],"wp:attachment":[{"href":"https:\/\/utahorthodonticcare.com\/es\/wp-json\/wp\/v2\/media?parent=9332"}],"curies":[{"name":"wp","href":"https:\/\/api.w.org\/{rel}","templated":true}]}}