{"id":9322,"date":"2024-12-13T02:36:14","date_gmt":"2024-12-13T09:36:14","guid":{"rendered":"https:\/\/utahorthodonticcare.com\/quienes-somos\/"},"modified":"2025-09-04T22:00:53","modified_gmt":"2025-09-05T04:00:53","slug":"about","status":"publish","type":"page","link":"https:\/\/utahorthodonticcare.com\/es\/about\/","title":{"rendered":"Qui\u00e9nes somos"},"content":{"rendered":"<p><div class=\"fusion-fullwidth fullwidth-box fusion-builder-row-1 fusion-flex-container has-pattern-background has-mask-background fusion-parallax-none mbl_gradient nonhundred-percent-fullwidth non-hundred-percent-height-scrolling\" style=\"--link_color: var(--awb-color1);--awb-border-radius-top-left:0px;--awb-border-radius-top-right:0px;--awb-border-radius-bottom-right:0px;--awb-border-radius-bottom-left:0px;--awb-padding-top:90px;--awb-padding-bottom:90px;--awb-padding-top-small:45px;--awb-padding-bottom-small:45px;--awb-min-height:600px;--awb-min-height-small:1px;--awb-background-color:var(--awb-custom_color_1);--awb-background-image:linear-gradient(90deg, var(--awb-custom_color_1) 25%,rgba(0,89,157,0) 80%),url(https:\/\/utahorthodonticcare.com\/wp-content\/uploads\/2024\/12\/38939244_l-1-scaled.jpg);;--awb-background-size:cover;--awb-flex-wrap:wrap;\" ><div class=\"fusion-builder-row fusion-row fusion-flex-align-items-center fusion-flex-content-wrap\" style=\"max-width:1580.8px;margin-left: calc(-4% \/ 2 );margin-right: calc(-4% \/ 2 );\"><div class=\"fusion-layout-column fusion_builder_column fusion-builder-column-0 fusion_builder_column_1_2 1_2 fusion-flex-column\" style=\"--awb-bg-size:cover;--awb-width-large:50%;--awb-margin-top-large:0px;--awb-spacing-right-large:3.84%;--awb-margin-bottom-large:20px;--awb-spacing-left-large:3.84%;--awb-width-medium:50%;--awb-order-medium:0;--awb-spacing-right-medium:3.84%;--awb-spacing-left-medium:3.84%;--awb-width-small:100%;--awb-order-small:0;--awb-spacing-right-small:1.92%;--awb-spacing-left-small:1.92%;\"><div class=\"fusion-column-wrapper fusion-column-has-shadow fusion-flex-justify-content-flex-start fusion-content-layout-column\"><div class=\"fusion-title title fusion-title-1 fusion-sep-none fusion-title-text fusion-title-size-one\" style=\"--awb-text-color:var(--awb-color1);--awb-margin-top:0px;--awb-margin-top-small:0px;\"><h1 class=\"fusion-title-heading title-heading-left fusion-responsive-typography-calculated\" style=\"margin:0;--fontSize:70;line-height:1.1;\">Su sonrisa es nuestra prioridad<\/h1><\/div><div class=\"fusion-separator fusion-full-width-sep\" style=\"align-self: center;margin-left: auto;margin-right: auto;margin-bottom:15px;width:100%;\"><\/div><\/div><\/div><\/div><\/div><div class=\"fusion-fullwidth fullwidth-box fusion-builder-row-2 fusion-flex-container has-pattern-background has-mask-background nonhundred-percent-fullwidth non-hundred-percent-height-scrolling\" style=\"--awb-border-radius-top-left:0px;--awb-border-radius-top-right:0px;--awb-border-radius-bottom-right:0px;--awb-border-radius-bottom-left:0px;--awb-padding-top:90px;--awb-padding-bottom:5px;--awb-padding-top-small:45px;--awb-padding-bottom-small:30px;--awb-flex-wrap:wrap;\" ><div class=\"fusion-builder-row fusion-row fusion-flex-align-items-flex-start fusion-flex-justify-content-center fusion-flex-content-wrap\" style=\"max-width:1580.8px;margin-left: calc(-4% \/ 2 );margin-right: calc(-4% \/ 2 );\"><div class=\"fusion-layout-column fusion_builder_column fusion-builder-column-1 fusion_builder_column_1_1 1_1 fusion-flex-column\" style=\"--awb-bg-size:cover;--awb-width-large:100%;--awb-margin-top-large:0px;--awb-spacing-right-large:1.92%;--awb-margin-bottom-large:20px;--awb-spacing-left-large:1.92%;--awb-width-medium:100%;--awb-order-medium:0;--awb-spacing-right-medium:1.92%;--awb-spacing-left-medium:1.92%;--awb-width-small:100%;--awb-order-small:0;--awb-spacing-right-small:1.92%;--awb-spacing-left-small:1.92%;\" data-scroll-devices=\"small-visibility,medium-visibility,large-visibility\"><div class=\"fusion-column-wrapper fusion-column-has-shadow fusion-flex-justify-content-flex-start fusion-content-layout-column\"><div class=\"fusion-title title fusion-title-2 fusion-sep-none fusion-title-text fusion-title-size-two\" style=\"--awb-margin-top:0px;--awb-margin-top-small:0px;\"><h2 class=\"fusion-title-heading title-heading-left fusion-responsive-typography-calculated\" style=\"margin:0;--fontSize:53;line-height:1.2;\">Nuestra misi\u00f3n<\/h2><\/div><\/div><\/div><\/div><\/div><div class=\"fusion-fullwidth fullwidth-box fusion-builder-row-3 fusion-flex-container has-pattern-background has-mask-background nonhundred-percent-fullwidth non-hundred-percent-height-scrolling\" style=\"--awb-border-radius-top-left:0px;--awb-border-radius-top-right:0px;--awb-border-radius-bottom-right:0px;--awb-border-radius-bottom-left:0px;--awb-padding-top:0px;--awb-padding-bottom:0px;--awb-flex-wrap:wrap;\" ><div class=\"fusion-builder-row fusion-row fusion-flex-align-items-stretch fusion-flex-content-wrap\" style=\"max-width:1580.8px;margin-left: calc(-4% \/ 2 );margin-right: calc(-4% \/ 2 );\"><div class=\"fusion-layout-column fusion_builder_column fusion-builder-column-2 fusion_builder_column_2_3 2_3 fusion-flex-column\" style=\"--awb-padding-top:60px;--awb-padding-right:60px;--awb-padding-bottom:60px;--awb-padding-left:60px;--awb-padding-top-small:20px;--awb-padding-right-small:20px;--awb-padding-bottom-small:20px;--awb-padding-left-small:20px;--awb-bg-color:var(--awb-custom_color_3);--awb-bg-color-hover:var(--awb-custom_color_3);--awb-bg-size:cover;--awb-width-large:66.6666666667%;--awb-margin-top-large:0px;--awb-spacing-right-large:1.44%;--awb-margin-bottom-large:20px;--awb-spacing-left-large:0px;--awb-width-medium:66.6666666667%;--awb-order-medium:0;--awb-spacing-right-medium:1.44%;--awb-spacing-left-medium:0px;--awb-width-small:100%;--awb-order-small:2;--awb-spacing-right-small:1.92%;--awb-spacing-left-small:1.92%;\" data-scroll-devices=\"small-visibility,medium-visibility,large-visibility\"><div class=\"fusion-column-wrapper fusion-column-has-shadow fusion-flex-justify-content-flex-start fusion-content-layout-column\"><div class=\"fusion-text fusion-text-1\"><p>Utah Orthodontic Care ha estado haciendo los apoyos asequibles para aquellos en el \u00e1rea de Salt Lake City durante m\u00e1s de 35 a\u00f1os. Nuestro padre comenz\u00f3 todo en 1976. Vio la diferencia que una hermosa sonrisa hizo en la vida de los pacientes, viendo la confianza y la seguridad crecer en el transcurso del tratamiento. Por encima de todo, se dar\u00eda cuenta de sus pacientes sonr\u00eden m\u00e1s &#8211; la comunicaci\u00f3n no s\u00f3lo la felicidad, pero el orgullo y el triunfo tambi\u00e9n. Esto apasion\u00f3 a su objetivo de hacer los apoyos de alta calidad asequible para todos los que quer\u00edan una sonrisa m\u00e1s recta y m\u00e1s bella.    <\/p>\n<p>Esos principios siguen guiando nuestra pr\u00e1ctica hoy en d\u00eda. Estamos orgullosos de llevar a cabo su compromiso con el tratamiento de ortodoncia asequible de alta calidad en cada uno de nuestros nueve lugares a trav\u00e9s de Utah.<\/p>\n<\/div><\/div><\/div><div class=\"fusion-layout-column fusion_builder_column fusion-builder-column-3 fusion_builder_column_1_3 1_3 fusion-flex-column\" style=\"--awb-bg-image:url(&#039;https:\/\/utahorthodonticcare.com\/wp-content\/uploads\/2024\/11\/OM1H0184HR.jpg&#039;);--awb-bg-position:center center;--awb-bg-size:cover;--awb-width-large:33.3333333333%;--awb-margin-top-large:0px;--awb-spacing-right-large:5.76%;--awb-margin-bottom-large:20px;--awb-spacing-left-large:5.76%;--awb-width-medium:33.3333333333%;--awb-order-medium:0;--awb-spacing-right-medium:5.76%;--awb-spacing-left-medium:5.76%;--awb-width-small:100%;--awb-order-small:1;--awb-spacing-right-small:1.92%;--awb-spacing-left-small:1.92%;\" data-scroll-devices=\"small-visibility,medium-visibility,large-visibility\"><div class=\"fusion-column-wrapper fusion-column-has-shadow fusion-flex-justify-content-flex-start fusion-content-layout-column fusion-empty-column-bg-image fusion-column-has-bg-image\" data-bg-url=\"https:\/\/utahorthodonticcare.com\/wp-content\/uploads\/2024\/11\/OM1H0184HR.jpg\"><img decoding=\"async\" class=\"fusion-empty-dims-img-placeholder fusion-no-large-visibility fusion-no-medium-visibility\" src=\"data:image\/svg+xml,%3Csvg%20xmlns%3D%27http%3A%2F%2Fwww.w3.org%2F2000%2Fsvg%27%20width%3D%27600%27%20height%3D%27473%27%20viewBox%3D%270%200%20600%20473%27%3E%3Crect%20width%3D%27600%27%20height%3D%27473%27%20fill-opacity%3D%220%22%2F%3E%3C%2Fsvg%3E\"><\/div><\/div><\/div><\/div><div class=\"fusion-fullwidth fullwidth-box fusion-builder-row-4 fusion-flex-container has-pattern-background has-mask-background nonhundred-percent-fullwidth non-hundred-percent-height-scrolling\" style=\"--link_color: var(--awb-custom_color_1);--awb-border-radius-top-left:0px;--awb-border-radius-top-right:0px;--awb-border-radius-bottom-right:0px;--awb-border-radius-bottom-left:0px;--awb-padding-top:70px;--awb-padding-bottom:70px;--awb-padding-top-small:45px;--awb-padding-bottom-small:45px;--awb-min-height-small:772px;--awb-flex-wrap:wrap;\" ><div class=\"fusion-builder-row fusion-row fusion-flex-align-items-flex-start fusion-flex-content-wrap\" style=\"max-width:1580.8px;margin-left: calc(-4% \/ 2 );margin-right: calc(-4% \/ 2 );\"><div class=\"fusion-layout-column fusion_builder_column fusion-builder-column-4 fusion_builder_column_1_2 1_2 fusion-flex-column\" style=\"--awb-bg-size:cover;--awb-width-large:50%;--awb-margin-top-large:0px;--awb-spacing-right-large:3.84%;--awb-margin-bottom-large:20px;--awb-spacing-left-large:3.84%;--awb-width-medium:50%;--awb-order-medium:0;--awb-spacing-right-medium:3.84%;--awb-spacing-left-medium:3.84%;--awb-width-small:100%;--awb-order-small:0;--awb-spacing-right-small:1.92%;--awb-spacing-left-small:1.92%;\"><div class=\"fusion-column-wrapper fusion-column-has-shadow fusion-flex-justify-content-flex-start fusion-content-layout-column\"><div class=\"fusion-image-element \" style=\"text-align:center;--awb-caption-title-font-family:var(--h2_typography-font-family);--awb-caption-title-font-weight:var(--h2_typography-font-weight);--awb-caption-title-font-style:var(--h2_typography-font-style);--awb-caption-title-size:var(--h2_typography-font-size);--awb-caption-title-transform:var(--h2_typography-text-transform);--awb-caption-title-line-height:var(--h2_typography-line-height);--awb-caption-title-letter-spacing:var(--h2_typography-letter-spacing);\"><span class=\" fusion-imageframe imageframe-none imageframe-1 hover-type-none\"><img decoding=\"async\" width=\"724\" height=\"483\" alt=\"tools at dental office\" src=\"https:\/\/utahorthodonticcare.com\/wp-content\/uploads\/2024\/12\/38570213_l-2.jpg\" class=\"img-responsive wp-image-9087\" srcset=\"https:\/\/utahorthodonticcare.com\/wp-content\/uploads\/2024\/12\/38570213_l-2-200x133.jpg 200w, https:\/\/utahorthodonticcare.com\/wp-content\/uploads\/2024\/12\/38570213_l-2-400x267.jpg 400w, https:\/\/utahorthodonticcare.com\/wp-content\/uploads\/2024\/12\/38570213_l-2-600x400.jpg 600w, https:\/\/utahorthodonticcare.com\/wp-content\/uploads\/2024\/12\/38570213_l-2.jpg 724w\" sizes=\"(max-width: 640px) 100vw, 724px\" \/><\/span><\/div><\/div><\/div><div class=\"fusion-layout-column fusion_builder_column fusion-builder-column-5 fusion_builder_column_1_2 1_2 fusion-flex-column\" style=\"--awb-bg-size:cover;--awb-width-large:50%;--awb-margin-top-large:0px;--awb-spacing-right-large:3.84%;--awb-margin-bottom-large:20px;--awb-spacing-left-large:3.84%;--awb-width-medium:50%;--awb-order-medium:0;--awb-spacing-right-medium:3.84%;--awb-spacing-left-medium:3.84%;--awb-width-small:100%;--awb-order-small:0;--awb-spacing-right-small:1.92%;--awb-spacing-left-small:1.92%;\"><div class=\"fusion-column-wrapper fusion-column-has-shadow fusion-flex-justify-content-flex-start fusion-content-layout-column\"><div class=\"fusion-title title fusion-title-3 fusion-sep-none fusion-title-text fusion-title-size-two\" style=\"--awb-margin-top:0px;--awb-margin-top-small:0px;\"><h2 class=\"fusion-title-heading title-heading-left fusion-responsive-typography-calculated\" style=\"margin:0;--fontSize:53;line-height:1.2;\">Brackets asequibles en Salt Lake City, UT<\/h2><\/div><div class=\"fusion-text fusion-text-2\"><p>\u00a1Su sonrisa es lo primero que la gente nota de usted, y en Utah Orthodontic Care, nuestra misi\u00f3n es ayudarle a lograr una sonrisa sana y hermosa que se sienta orgulloso de mostrar en cualquier situaci\u00f3n! Como principal proveedor de tratamiento de ortodoncia con m\u00faltiples <a href=\"https:\/\/utahorthodonticcare.com\/es\/locations\/\">lugares convenientes<\/a> que sirven a la mayor Salt Lake City, UT \u00e1rea, nos esforzamos por hacer que el proceso de tratamiento de ortodoncia simple, conveniente y eficaz. Podemos tratar una amplia variedad de condiciones de ortodoncia a trav\u00e9s de aparatos met\u00e1licos tradicionales u otros m\u00e9todos como <a href=\"https:\/\/utahorthodonticcare.com\/es\/treatment\/invisalign\/\">Invisalign<\/a> alineadores transparentes, y nos esforzamos por hacer el tratamiento asequible para cualquier persona. \u00a1Si usted es un adolescente que recibe los apoyos por primera vez o un adulto que buscan revitalizar su sonrisa, Utah Orthodontic Care se compromete a ayudarle a lograr la sonrisa de sus sue\u00f1os!<\/p>\n<\/div><\/div><\/div><\/div><\/div><div class=\"fusion-fullwidth fullwidth-box fusion-builder-row-5 fusion-flex-container has-pattern-background has-mask-background hundred-percent-fullwidth non-hundred-percent-height-scrolling\" style=\"--awb-border-radius-top-left:0px;--awb-border-radius-top-right:0px;--awb-border-radius-bottom-right:0px;--awb-border-radius-bottom-left:0px;--awb-padding-top:0px;--awb-padding-right:0px;--awb-padding-bottom:0px;--awb-padding-left:0px;--awb-margin-top:0px;--awb-margin-bottom:0px;--awb-background-color:var(--awb-custom_color_3);--awb-flex-wrap:wrap;\" ><div class=\"fusion-builder-row fusion-row fusion-flex-align-items-stretch fusion-flex-content-wrap\" style=\"width:104% !important;max-width:104% !important;margin-left: calc(-4% \/ 2 );margin-right: calc(-4% \/ 2 );\"><div class=\"fusion-layout-column fusion_builder_column fusion-builder-column-6 fusion_builder_column_1_2 1_2 fusion-flex-column\" style=\"--awb-bg-image:url(&#039;https:\/\/utahorthodonticcare.com\/wp-content\/uploads\/2024\/12\/Orthodontic-Treatment.jpg&#039;);--awb-bg-position:center center;--awb-bg-size:cover;--awb-width-large:50%;--awb-margin-top-large:0px;--awb-spacing-right-large:0px;--awb-margin-bottom-large:0px;--awb-spacing-left-large:3.84%;--awb-width-medium:50%;--awb-order-medium:0;--awb-spacing-right-medium:0px;--awb-spacing-left-medium:3.84%;--awb-width-small:100%;--awb-order-small:0;--awb-spacing-right-small:1.92%;--awb-spacing-left-small:1.92%;\" data-scroll-devices=\"small-visibility,medium-visibility,large-visibility\"><div class=\"fusion-column-wrapper fusion-column-has-shadow fusion-flex-justify-content-flex-start fusion-content-layout-column fusion-column-has-bg-image\" data-bg-url=\"https:\/\/utahorthodonticcare.com\/wp-content\/uploads\/2024\/12\/Orthodontic-Treatment.jpg\"><div class=\"fusion-separator fusion-full-width-sep\" style=\"align-self: center;margin-left: auto;margin-right: auto;margin-bottom:300px;width:100%;\"><\/div><\/div><\/div><div class=\"fusion-layout-column fusion_builder_column fusion-builder-column-7 fusion_builder_column_1_2 1_2 fusion-flex-column max_840 txt_links_underlined\" style=\"--awb-padding-top:90px;--awb-padding-right:60px;--awb-padding-bottom:50px;--awb-padding-left:60px;--awb-padding-top-small:45px;--awb-padding-right-small:30px;--awb-padding-bottom-small:45px;--awb-padding-left-small:30px;--awb-bg-color:var(--awb-custom_color_3);--awb-bg-color-hover:var(--awb-custom_color_3);--awb-bg-size:cover;--awb-width-large:50%;--awb-margin-top-large:0px;--awb-spacing-right-large:3.84%;--awb-margin-bottom-large:0px;--awb-spacing-left-large:3.84%;--awb-width-medium:50%;--awb-order-medium:0;--awb-spacing-right-medium:3.84%;--awb-spacing-left-medium:3.84%;--awb-width-small:100%;--awb-order-small:0;--awb-spacing-right-small:1.92%;--awb-spacing-left-small:1.92%;\" data-scroll-devices=\"small-visibility,medium-visibility,large-visibility\"><div class=\"fusion-column-wrapper fusion-column-has-shadow fusion-flex-justify-content-flex-start fusion-content-layout-column\"><div class=\"fusion-builder-row fusion-builder-row-inner fusion-row fusion-flex-align-items-stretch fusion-flex-content-wrap\" style=\"width:104% !important;max-width:104% !important;margin-left: calc(-4% \/ 2 );margin-right: calc(-4% \/ 2 );\"><div class=\"fusion-layout-column fusion_builder_column_inner fusion-builder-nested-column-0 fusion_builder_column_inner_1_1 1_1 fusion-flex-column content_column\" style=\"--awb-bg-size:cover;--awb-width-large:100%;--awb-margin-top-large:0px;--awb-spacing-right-large:1.92%;--awb-margin-bottom-large:20px;--awb-spacing-left-large:1.92%;--awb-width-medium:100%;--awb-order-medium:0;--awb-spacing-right-medium:1.92%;--awb-spacing-left-medium:1.92%;--awb-width-small:100%;--awb-order-small:0;--awb-spacing-right-small:1.92%;--awb-spacing-left-small:1.92%;\" data-scroll-devices=\"small-visibility,medium-visibility,large-visibility\"><div class=\"fusion-column-wrapper fusion-column-has-shadow fusion-flex-justify-content-flex-start fusion-content-layout-column\"><div class=\"fusion-title title fusion-title-4 fusion-sep-none fusion-title-text fusion-title-size-two\" style=\"--awb-text-color:var(--awb-color8);--awb-margin-top:0px;--awb-margin-top-small:0px;\"><h2 class=\"fusion-title-heading title-heading-left fusion-responsive-typography-calculated\" style=\"margin:0;--fontSize:53;line-height:1.2;\">Tratamiento integral de ortodoncia para todas las edades<\/h2><\/div><div class=\"fusion-text fusion-text-3\"><p>Cada paciente y cada sonrisa es diferente, y en Utah Orthodontic Care, nuestros ortodoncistas y dentistas generales se enorgullecen de ofrecer una amplia gama a nuestros pacientes. Tanto si desea un tratamiento de ortodoncia sencillo y eficaz como <a href=\"https:\/\/utahorthodonticcare.com\/es\/treatment\/types-of-braces\/\">los aparatos<\/a> tradicionales como si desea una alternativa m\u00e1s c\u00f3moda y pr\u00e1ctica como Invisalign, trabajaremos con usted para elegir un m\u00e9todo de tratamiento que se adapte perfectamente a sus necesidades y estilo de vida. <\/p>\n<p>Tambi\u00e9n estamos orgullosos de tratar a pacientes de todas las edades. Para los ni\u00f1os con ciertas condiciones de ortodoncia, podemos utilizar <a href=\"https:\/\/utahorthodonticcare.com\/es\/treatment\/early-treatment\/\">el tratamiento de ortodoncia temprana<\/a> para ayudarles a desarrollar una hermosa sonrisa y reducir al m\u00ednimo el tiempo total que pasan en los apoyos, y hemos ayudado a innumerables adolescentes a trav\u00e9s de Salt Lake City crecer en una hermosa sonrisa a trav\u00e9s del tratamiento adolescente. A decir verdad, sin embargo, nunca es demasiado tarde para una hermosa sonrisa &#8211; y hemos ayudado a innumerables adultos revitalizar su vida personal y profesional a trav\u00e9s de <a href=\"https:\/\/utahorthodonticcare.com\/es\/treatment\/adult-treatment\/\">la ortodoncia para adultos<\/a>.<\/p>\n<\/div><\/div><\/div><\/div><\/div><\/div><\/div><\/div><\/p>\n","protected":false},"excerpt":{"rendered":"","protected":false},"author":2,"featured_media":0,"parent":0,"menu_order":0,"comment_status":"closed","ping_status":"closed","template":"100-width.php","meta":{"inline_featured_image":false,"footnotes":""},"class_list":["post-9322","page","type-page","status-publish","hentry"],"yoast_head":"<!-- This site is optimized with the Yoast SEO plugin v25.0 - https:\/\/yoast.com\/wordpress\/plugins\/seo\/ -->\n<title>Qui\u00e9nes somos | Utah Orthodontic Care<\/title>\n<meta name=\"description\" content=\"Durante m\u00e1s de 35 a\u00f1os, Utah Orthodontic Care ha proporcionado los apoyos asequibles y Invisalign a trav\u00e9s de Salt Lake City. Aprenda acerca de nuestra misi\u00f3n y ortodoncistas expertos.\" \/>\n<meta name=\"robots\" content=\"index, follow, max-snippet:-1, max-image-preview:large, max-video-preview:-1\" \/>\n<link rel=\"canonical\" href=\"https:\/\/utahorthodonticcare.com\/es\/about\/\" \/>\n<meta property=\"og:locale\" content=\"es_ES\" \/>\n<meta property=\"og:type\" content=\"article\" \/>\n<meta property=\"og:title\" content=\"Qui\u00e9nes somos | Utah Orthodontic Care\" \/>\n<meta property=\"og:description\" content=\"Durante m\u00e1s de 35 a\u00f1os, Utah Orthodontic Care ha proporcionado los apoyos asequibles y Invisalign a trav\u00e9s de Salt Lake City. Aprenda acerca de nuestra misi\u00f3n y ortodoncistas expertos.\" \/>\n<meta property=\"og:url\" content=\"https:\/\/utahorthodonticcare.com\/es\/about\/\" \/>\n<meta property=\"og:site_name\" content=\"Utah Orthodontic Care\" \/>\n<meta property=\"article:modified_time\" content=\"2025-09-05T04:00:53+00:00\" \/>\n<meta name=\"twitter:card\" content=\"summary_large_image\" \/>\n<meta name=\"twitter:label1\" content=\"Est. reading time\" \/>\n\t<meta name=\"twitter:data1\" content=\"45 minutos\" \/>\n<script type=\"application\/ld+json\" class=\"yoast-schema-graph\">{\"@context\":\"https:\/\/schema.org\",\"@graph\":[{\"@type\":\"WebPage\",\"@id\":\"https:\/\/utahorthodonticcare.com\/es\/about\/\",\"url\":\"https:\/\/utahorthodonticcare.com\/es\/about\/\",\"name\":\"Qui\u00e9nes somos | Utah Orthodontic Care\",\"isPartOf\":{\"@id\":\"https:\/\/utahorthodonticcare.com\/es\/#website\"},\"datePublished\":\"2024-12-13T09:36:14+00:00\",\"dateModified\":\"2025-09-05T04:00:53+00:00\",\"description\":\"Durante m\u00e1s de 35 a\u00f1os, Utah Orthodontic Care ha proporcionado los apoyos asequibles y Invisalign a trav\u00e9s de Salt Lake City. Aprenda acerca de nuestra misi\u00f3n y ortodoncistas expertos.\",\"breadcrumb\":{\"@id\":\"https:\/\/utahorthodonticcare.com\/es\/about\/#breadcrumb\"},\"inLanguage\":\"es\",\"potentialAction\":[{\"@type\":\"ReadAction\",\"target\":[\"https:\/\/utahorthodonticcare.com\/es\/about\/\"]}]},{\"@type\":\"BreadcrumbList\",\"@id\":\"https:\/\/utahorthodonticcare.com\/es\/about\/#breadcrumb\",\"itemListElement\":[{\"@type\":\"ListItem\",\"position\":1,\"name\":\"Home\",\"item\":\"https:\/\/utahorthodonticcare.com\/es\/\"},{\"@type\":\"ListItem\",\"position\":2,\"name\":\"Qui\u00e9nes somos\"}]},{\"@type\":\"WebSite\",\"@id\":\"https:\/\/utahorthodonticcare.com\/es\/#website\",\"url\":\"https:\/\/utahorthodonticcare.com\/es\/\",\"name\":\"Utah Orthodontic Care\",\"description\":\"\",\"potentialAction\":[{\"@type\":\"SearchAction\",\"target\":{\"@type\":\"EntryPoint\",\"urlTemplate\":\"https:\/\/utahorthodonticcare.com\/es\/?s={search_term_string}\"},\"query-input\":{\"@type\":\"PropertyValueSpecification\",\"valueRequired\":true,\"valueName\":\"search_term_string\"}}],\"inLanguage\":\"es\"}]}<\/script>\n<!-- \/ Yoast SEO plugin. -->","yoast_head_json":{"title":"Qui\u00e9nes somos | Utah Orthodontic Care","description":"Durante m\u00e1s de 35 a\u00f1os, Utah Orthodontic Care ha proporcionado los apoyos asequibles y Invisalign a trav\u00e9s de Salt Lake City. Aprenda acerca de nuestra misi\u00f3n y ortodoncistas expertos.","robots":{"index":"index","follow":"follow","max-snippet":"max-snippet:-1","max-image-preview":"max-image-preview:large","max-video-preview":"max-video-preview:-1"},"canonical":"https:\/\/utahorthodonticcare.com\/es\/about\/","og_locale":"es_ES","og_type":"article","og_title":"Qui\u00e9nes somos | Utah Orthodontic Care","og_description":"Durante m\u00e1s de 35 a\u00f1os, Utah Orthodontic Care ha proporcionado los apoyos asequibles y Invisalign a trav\u00e9s de Salt Lake City. Aprenda acerca de nuestra misi\u00f3n y ortodoncistas expertos.","og_url":"https:\/\/utahorthodonticcare.com\/es\/about\/","og_site_name":"Utah Orthodontic Care","article_modified_time":"2025-09-05T04:00:53+00:00","twitter_card":"summary_large_image","twitter_misc":{"Est. reading time":"45 minutos"},"schema":{"@context":"https:\/\/schema.org","@graph":[{"@type":"WebPage","@id":"https:\/\/utahorthodonticcare.com\/es\/about\/","url":"https:\/\/utahorthodonticcare.com\/es\/about\/","name":"Qui\u00e9nes somos | Utah Orthodontic Care","isPartOf":{"@id":"https:\/\/utahorthodonticcare.com\/es\/#website"},"datePublished":"2024-12-13T09:36:14+00:00","dateModified":"2025-09-05T04:00:53+00:00","description":"Durante m\u00e1s de 35 a\u00f1os, Utah Orthodontic Care ha proporcionado los apoyos asequibles y Invisalign a trav\u00e9s de Salt Lake City. Aprenda acerca de nuestra misi\u00f3n y ortodoncistas expertos.","breadcrumb":{"@id":"https:\/\/utahorthodonticcare.com\/es\/about\/#breadcrumb"},"inLanguage":"es","potentialAction":[{"@type":"ReadAction","target":["https:\/\/utahorthodonticcare.com\/es\/about\/"]}]},{"@type":"BreadcrumbList","@id":"https:\/\/utahorthodonticcare.com\/es\/about\/#breadcrumb","itemListElement":[{"@type":"ListItem","position":1,"name":"Home","item":"https:\/\/utahorthodonticcare.com\/es\/"},{"@type":"ListItem","position":2,"name":"Qui\u00e9nes somos"}]},{"@type":"WebSite","@id":"https:\/\/utahorthodonticcare.com\/es\/#website","url":"https:\/\/utahorthodonticcare.com\/es\/","name":"Utah Orthodontic Care","description":"","potentialAction":[{"@type":"SearchAction","target":{"@type":"EntryPoint","urlTemplate":"https:\/\/utahorthodonticcare.com\/es\/?s={search_term_string}"},"query-input":{"@type":"PropertyValueSpecification","valueRequired":true,"valueName":"search_term_string"}}],"inLanguage":"es"}]}},"_links":{"self":[{"href":"https:\/\/utahorthodonticcare.com\/es\/wp-json\/wp\/v2\/pages\/9322","targetHints":{"allow":["GET"]}}],"collection":[{"href":"https:\/\/utahorthodonticcare.com\/es\/wp-json\/wp\/v2\/pages"}],"about":[{"href":"https:\/\/utahorthodonticcare.com\/es\/wp-json\/wp\/v2\/types\/page"}],"author":[{"embeddable":true,"href":"https:\/\/utahorthodonticcare.com\/es\/wp-json\/wp\/v2\/users\/2"}],"replies":[{"embeddable":true,"href":"https:\/\/utahorthodonticcare.com\/es\/wp-json\/wp\/v2\/comments?post=9322"}],"version-history":[{"count":0,"href":"https:\/\/utahorthodonticcare.com\/es\/wp-json\/wp\/v2\/pages\/9322\/revisions"}],"wp:attachment":[{"href":"https:\/\/utahorthodonticcare.com\/es\/wp-json\/wp\/v2\/media?parent=9322"}],"curies":[{"name":"wp","href":"https:\/\/api.w.org\/{rel}","templated":true}]}}